{"id":98,"date":"2019-09-03T07:05:56","date_gmt":"2019-09-03T12:05:56","guid":{"rendered":"http:\/\/laurelspro.fasterthemes.com\/?page_id=98"},"modified":"2019-09-05T09:45:17","modified_gmt":"2019-09-05T14:45:17","slug":"full-width","status":"publish","type":"page","link":"http:\/\/kaarve.com\/?page_id=98","title":{"rendered":"ACERCA DE NOSOTROS"},"content":{"rendered":"<h2 style=\"text-align: center;\">NOSOTROS<\/h2>\n<p>Somos profesionales especializados en dar soluciones tecnol\u00f3gicas integrales as\u00ed como servicios a empresas u organizaciones, atendiendo las necesidades de nuestro clientes desde un contexto de contribuci\u00f3n para as\u00ed dise\u00f1ar soluciones a la medida que generen crecimientos, optimizaci\u00f3n y automatizaci\u00f3n tanto en los recursos como en los procesos de nuestros clientes.<\/p>\n<p>Trabajamos para ofrecer a nuestros clientes servicios, equipos y suministros para la oficina de forma integral, siendo una soluci\u00f3n para las \u00e1reas directivas, de estrategia, compras y sistemas \u00a1Con nosotros vives la experiencia de tener al Experto de nuestro lado!<\/p>\n<p><img loading=\"lazy\" decoding=\"async\" class=\"alignnone size-full wp-image-1786 aligncenter\" src=\"http:\/\/kaarve.com\/wp-content\/uploads\/2018\/11\/nosotros.png\" alt=\"\" width=\"258\" height=\"196\"><\/p>\n<p><\/p>\n<h2 style=\"text-align: center;\">NUESTRA VISI\u00d3N<\/h2>\n<p>\u00abSer el mejor aliado para nuestros clientes en materia de Tecnolog\u00edas de la Informaci\u00f3n, con la intenci\u00f3n clara de sumar valor a nuestros productos y servicios para asi conseguir nuestros objetivos\u00bb<\/p>\n<p><img loading=\"lazy\" decoding=\"async\" class=\"alignnone size-full wp-image-1792 aligncenter\" src=\"http:\/\/kaarve.com\/wp-content\/uploads\/2018\/11\/NUEVA-VISION.png\" alt=\"\" width=\"550\" height=\"260\"><\/p>\n<p><\/p>\n<h2 style=\"text-align: center;\">NUESTRA MISI\u00d3N<\/h2>\n<p>\u00abSomos profesionales que generan \u00e9xito, valor y crecimiento para nuestros clientes, a trav\u00e9s de las mejores soluciones tecnol\u00f3gicas, basadas en una asesor\u00eda honesta, responsable y de calidad\u00bb<\/p>\n<p><img loading=\"lazy\" decoding=\"async\" class=\"alignnone size-full wp-image-1790 aligncenter\" src=\"http:\/\/kaarve.com\/wp-content\/uploads\/2018\/11\/misionn.png\" alt=\"\" width=\"550\" height=\"260\"><\/p>\n<p><\/p>\n<h2 style=\"text-align: center;\">NUESTROS VALORES<\/h2>\n<p><img loading=\"lazy\" decoding=\"async\" class=\" wp-image-1754 aligncenter\" src=\"http:\/\/kaarve.com\/wp-content\/uploads\/2014\/12\/VALORESS-800x300.jpg\" alt=\"\" width=\"652\" height=\"245\" srcset=\"http:\/\/kaarve.com\/wp-content\/uploads\/2014\/12\/VALORESS.jpg 800w, http:\/\/kaarve.com\/wp-content\/uploads\/2014\/12\/VALORESS-768x288.jpg 768w\" sizes=\"(max-width: 652px) 100vw, 652px\" \/><\/p>\n\n\n<p><\/p>\n","protected":false},"excerpt":{"rendered":"<p>NOSOTROS Somos profesionales especializados en dar soluciones tecnol\u00f3gicas integrales as\u00ed como servicios a empresas u organizaciones, atendiendo las necesidades de nuestro clientes desde un contexto de contribuci\u00f3n para as\u00ed dise\u00f1ar soluciones a la medida que generen crecimientos, optimizaci\u00f3n y automatizaci\u00f3n  <a class=\"color_txt readmore\" href=\"http:\/\/kaarve.com\/?page_id=98\" > READ MORE <\/a><\/p>\n","protected":false},"author":1,"featured_media":1784,"parent":0,"menu_order":0,"comment_status":"closed","ping_status":"open","template":"page-template\/full-width.php","meta":{"footnotes":""},"yoast_head":"<!-- This site is optimized with the Yoast SEO plugin v23.0 - https:\/\/yoast.com\/wordpress\/plugins\/seo\/ -->\n<title>ACERCA DE NOSOTROS - KAARVE<\/title>\n<meta name=\"robots\" content=\"index, follow, max-snippet:-1, max-image-preview:large, max-video-preview:-1\" \/>\n<link rel=\"canonical\" href=\"http:\/\/kaarve.com\/?page_id=98\" \/>\n<meta property=\"og:locale\" content=\"es_ES\" \/>\n<meta property=\"og:type\" content=\"article\" \/>\n<meta property=\"og:title\" content=\"ACERCA DE NOSOTROS - KAARVE\" \/>\n<meta property=\"og:description\" content=\"NOSOTROS Somos profesionales especializados en dar soluciones tecnol\u00f3gicas integrales as\u00ed como servicios a empresas u organizaciones, atendiendo las necesidades de nuestro clientes desde un contexto de contribuci\u00f3n para as\u00ed dise\u00f1ar soluciones a la medida que generen crecimientos, optimizaci\u00f3n y automatizaci\u00f3n  READ MORE\" \/>\n<meta property=\"og:url\" content=\"http:\/\/kaarve.com\/?page_id=98\" \/>\n<meta property=\"og:site_name\" content=\"KAARVE\" \/>\n<meta property=\"article:modified_time\" content=\"2019-09-05T14:45:17+00:00\" \/>\n<meta property=\"og:image\" content=\"http:\/\/kaarve.com\/wp-content\/uploads\/2018\/11\/kaa.jpg\" \/>\n\t<meta property=\"og:image:width\" content=\"822\" \/>\n\t<meta property=\"og:image:height\" content=\"192\" \/>\n\t<meta property=\"og:image:type\" content=\"image\/jpeg\" \/>\n<meta name=\"twitter:card\" content=\"summary_large_image\" \/>\n<meta name=\"twitter:label1\" content=\"Tiempo de lectura\" \/>\n\t<meta name=\"twitter:data1\" content=\"1 minuto\" \/>\n<script type=\"application\/ld+json\" class=\"yoast-schema-graph\">{\"@context\":\"https:\/\/schema.org\",\"@graph\":[{\"@type\":\"WebPage\",\"@id\":\"http:\/\/kaarve.com\/?page_id=98\",\"url\":\"http:\/\/kaarve.com\/?page_id=98\",\"name\":\"ACERCA DE NOSOTROS - KAARVE\",\"isPartOf\":{\"@id\":\"http:\/\/kaarve.com\/#website\"},\"primaryImageOfPage\":{\"@id\":\"http:\/\/kaarve.com\/?page_id=98#primaryimage\"},\"image\":{\"@id\":\"http:\/\/kaarve.com\/?page_id=98#primaryimage\"},\"thumbnailUrl\":\"http:\/\/kaarve.com\/wp-content\/uploads\/2018\/11\/kaa.jpg\",\"datePublished\":\"2019-09-03T12:05:56+00:00\",\"dateModified\":\"2019-09-05T14:45:17+00:00\",\"breadcrumb\":{\"@id\":\"http:\/\/kaarve.com\/?page_id=98#breadcrumb\"},\"inLanguage\":\"es\",\"potentialAction\":[{\"@type\":\"ReadAction\",\"target\":[\"http:\/\/kaarve.com\/?page_id=98\"]}]},{\"@type\":\"ImageObject\",\"inLanguage\":\"es\",\"@id\":\"http:\/\/kaarve.com\/?page_id=98#primaryimage\",\"url\":\"http:\/\/kaarve.com\/wp-content\/uploads\/2018\/11\/kaa.jpg\",\"contentUrl\":\"http:\/\/kaarve.com\/wp-content\/uploads\/2018\/11\/kaa.jpg\",\"width\":822,\"height\":192},{\"@type\":\"BreadcrumbList\",\"@id\":\"http:\/\/kaarve.com\/?page_id=98#breadcrumb\",\"itemListElement\":[{\"@type\":\"ListItem\",\"position\":1,\"name\":\"Portada\",\"item\":\"http:\/\/kaarve.com\/\"},{\"@type\":\"ListItem\",\"position\":2,\"name\":\"ACERCA DE NOSOTROS\"}]},{\"@type\":\"WebSite\",\"@id\":\"http:\/\/kaarve.com\/#website\",\"url\":\"http:\/\/kaarve.com\/\",\"name\":\"KAARVE\",\"description\":\"El experto de tu lado\",\"publisher\":{\"@id\":\"http:\/\/kaarve.com\/#organization\"},\"potentialAction\":[{\"@type\":\"SearchAction\",\"target\":{\"@type\":\"EntryPoint\",\"urlTemplate\":\"http:\/\/kaarve.com\/?s={search_term_string}\"},\"query-input\":\"required name=search_term_string\"}],\"inLanguage\":\"es\"},{\"@type\":\"Organization\",\"@id\":\"http:\/\/kaarve.com\/#organization\",\"name\":\"KAARVE\",\"url\":\"http:\/\/kaarve.com\/\",\"logo\":{\"@type\":\"ImageObject\",\"inLanguage\":\"es\",\"@id\":\"http:\/\/kaarve.com\/#\/schema\/logo\/image\/\",\"url\":\"http:\/\/kaarve.com\/wp-content\/uploads\/2018\/07\/logo_2017_profile.jpg\",\"contentUrl\":\"http:\/\/kaarve.com\/wp-content\/uploads\/2018\/07\/logo_2017_profile.jpg\",\"width\":199,\"height\":192,\"caption\":\"KAARVE\"},\"image\":{\"@id\":\"http:\/\/kaarve.com\/#\/schema\/logo\/image\/\"}}]}<\/script>\n<!-- \/ Yoast SEO plugin. -->","yoast_head_json":{"title":"ACERCA DE NOSOTROS - KAARVE","robots":{"index":"index","follow":"follow","max-snippet":"max-snippet:-1","max-image-preview":"max-image-preview:large","max-video-preview":"max-video-preview:-1"},"canonical":"http:\/\/kaarve.com\/?page_id=98","og_locale":"es_ES","og_type":"article","og_title":"ACERCA DE NOSOTROS - KAARVE","og_description":"NOSOTROS Somos profesionales especializados en dar soluciones tecnol\u00f3gicas integrales as\u00ed como servicios a empresas u organizaciones, atendiendo las necesidades de nuestro clientes desde un contexto de contribuci\u00f3n para as\u00ed dise\u00f1ar soluciones a la medida que generen crecimientos, optimizaci\u00f3n y automatizaci\u00f3n  READ MORE","og_url":"http:\/\/kaarve.com\/?page_id=98","og_site_name":"KAARVE","article_modified_time":"2019-09-05T14:45:17+00:00","og_image":[{"width":822,"height":192,"url":"http:\/\/kaarve.com\/wp-content\/uploads\/2018\/11\/kaa.jpg","type":"image\/jpeg"}],"twitter_card":"summary_large_image","twitter_misc":{"Tiempo de lectura":"1 minuto"},"schema":{"@context":"https:\/\/schema.org","@graph":[{"@type":"WebPage","@id":"http:\/\/kaarve.com\/?page_id=98","url":"http:\/\/kaarve.com\/?page_id=98","name":"ACERCA DE NOSOTROS - KAARVE","isPartOf":{"@id":"http:\/\/kaarve.com\/#website"},"primaryImageOfPage":{"@id":"http:\/\/kaarve.com\/?page_id=98#primaryimage"},"image":{"@id":"http:\/\/kaarve.com\/?page_id=98#primaryimage"},"thumbnailUrl":"http:\/\/kaarve.com\/wp-content\/uploads\/2018\/11\/kaa.jpg","datePublished":"2019-09-03T12:05:56+00:00","dateModified":"2019-09-05T14:45:17+00:00","breadcrumb":{"@id":"http:\/\/kaarve.com\/?page_id=98#breadcrumb"},"inLanguage":"es","potentialAction":[{"@type":"ReadAction","target":["http:\/\/kaarve.com\/?page_id=98"]}]},{"@type":"ImageObject","inLanguage":"es","@id":"http:\/\/kaarve.com\/?page_id=98#primaryimage","url":"http:\/\/kaarve.com\/wp-content\/uploads\/2018\/11\/kaa.jpg","contentUrl":"http:\/\/kaarve.com\/wp-content\/uploads\/2018\/11\/kaa.jpg","width":822,"height":192},{"@type":"BreadcrumbList","@id":"http:\/\/kaarve.com\/?page_id=98#breadcrumb","itemListElement":[{"@type":"ListItem","position":1,"name":"Portada","item":"http:\/\/kaarve.com\/"},{"@type":"ListItem","position":2,"name":"ACERCA DE NOSOTROS"}]},{"@type":"WebSite","@id":"http:\/\/kaarve.com\/#website","url":"http:\/\/kaarve.com\/","name":"KAARVE","description":"El experto de tu lado","publisher":{"@id":"http:\/\/kaarve.com\/#organization"},"potentialAction":[{"@type":"SearchAction","target":{"@type":"EntryPoint","urlTemplate":"http:\/\/kaarve.com\/?s={search_term_string}"},"query-input":"required name=search_term_string"}],"inLanguage":"es"},{"@type":"Organization","@id":"http:\/\/kaarve.com\/#organization","name":"KAARVE","url":"http:\/\/kaarve.com\/","logo":{"@type":"ImageObject","inLanguage":"es","@id":"http:\/\/kaarve.com\/#\/schema\/logo\/image\/","url":"http:\/\/kaarve.com\/wp-content\/uploads\/2018\/07\/logo_2017_profile.jpg","contentUrl":"http:\/\/kaarve.com\/wp-content\/uploads\/2018\/07\/logo_2017_profile.jpg","width":199,"height":192,"caption":"KAARVE"},"image":{"@id":"http:\/\/kaarve.com\/#\/schema\/logo\/image\/"}}]}},"_links":{"self":[{"href":"http:\/\/kaarve.com\/index.php?rest_route=\/wp\/v2\/pages\/98"}],"collection":[{"href":"http:\/\/kaarve.com\/index.php?rest_route=\/wp\/v2\/pages"}],"about":[{"href":"http:\/\/kaarve.com\/index.php?rest_route=\/wp\/v2\/types\/page"}],"author":[{"embeddable":true,"href":"http:\/\/kaarve.com\/index.php?rest_route=\/wp\/v2\/users\/1"}],"replies":[{"embeddable":true,"href":"http:\/\/kaarve.com\/index.php?rest_route=%2Fwp%2Fv2%2Fcomments&post=98"}],"version-history":[{"count":15,"href":"http:\/\/kaarve.com\/index.php?rest_route=\/wp\/v2\/pages\/98\/revisions"}],"predecessor-version":[{"id":1942,"href":"http:\/\/kaarve.com\/index.php?rest_route=\/wp\/v2\/pages\/98\/revisions\/1942"}],"wp:featuredmedia":[{"embeddable":true,"href":"http:\/\/kaarve.com\/index.php?rest_route=\/wp\/v2\/media\/1784"}],"wp:attachment":[{"href":"http:\/\/kaarve.com\/index.php?rest_route=%2Fwp%2Fv2%2Fmedia&parent=98"}],"curies":[{"name":"wp","href":"https:\/\/api.w.org\/{rel}","templated":true}]}}